{"id":14779,"date":"2020-09-14T09:41:51","date_gmt":"2020-09-14T07:41:51","guid":{"rendered":"http:\/\/ostomaz.splet.arnes.si\/?page_id=14779"},"modified":"2026-01-16T08:43:01","modified_gmt":"2026-01-16T07:43:01","slug":"sola-na-daljavo-pomoc","status":"publish","type":"page","link":"https:\/\/ostomaz.splet.arnes.si\/?page_id=14779","title":{"rendered":"\u0160ola na daljavo &#8211; pomo\u010d"},"content":{"rendered":"<h4>1<strong>. Elektronska po\u0161ta<\/strong><\/h4>\n<ul>\n<li><a href=\"http:\/\/www.arnes.si\/pomoc-uporabnikom\/spletna-posta\/prijava-v-spletno-posto\/\" target=\"_blank\" rel=\"noopener noreferrer\">Prijava v elektronsko po\u0161to<\/a><\/li>\n<li><a href=\"https:\/\/podpora.arnes.si\/sprememba-gesla\/\" target=\"_blank\" rel=\"noopener\">Sprememba gesla<\/a><\/li>\n<li><a href=\"http:\/\/www.arnes.si\/pomoc-uporabnikom\/spletna-posta\/\">Po\u0161iljanje elektronske po\u0161te<\/a><\/li>\n<li><a href=\"https:\/\/podpora.arnes.si\/posiljanje-priponk\/\" target=\"_blank\" rel=\"noopener\">Po\u0161iljanje priponk<\/a><\/li>\n<li><a href=\"https:\/\/podpora.arnes.si\/dodajanje-podpisa\/\" target=\"_blank\" rel=\"noopener\">Dodajanje podpisa<\/a><\/li>\n<li><a href=\"https:\/\/podpora.arnes.si\/sporocilo-o-odsotnosti\/\" target=\"_blank\" rel=\"noopener\">Sporo\u010dilo o odsotnosti<\/a><\/li>\n<\/ul>\n<h5>2<strong>. Arnes AAI<\/strong><\/h5>\n<ul>\n<li><a href=\"http:\/\/www.arnes.si\/pomoc-uporabnikom\/aai\/prijava-z-uporabo-AAI-racuna\/\" target=\"_blank\" rel=\"noopener noreferrer\">Prijava z AAI ra\u010dunom<\/a> ( spletna u\u010dilnica, spletna stran, oblak 365, sprememba AAI gesla, Videokonferenca Teams..)<\/li>\n<li><a href=\"https:\/\/video.arnes.si\/portal\/asset.zul;arnesvideo=CB8B63074AC3F4B457E76EBF527B8391?id=O1ZiQadXcPaVpQ4SPfjnDf7E\" target=\"_blank\" rel=\"noopener noreferrer\">Prijava v Oblak 365&nbsp;<\/a><\/li>\n<\/ul>\n<h5><strong>3.&nbsp; Delo v spletnih u\u010dilnicah<\/strong><\/h5>\n<ol>\n<li><a href=\"https:\/\/ucilnice.arnes.si\/course\/index.php?categoryid=1743\">Arnes u\u010dilnice<\/a> (Moodle) za katere smo za vse pedago\u0161ke dalavce organizirali v povezavi z Arnesom 8 urno izobra\u017eevanje pred pri\u010detkom \u0161olskega leta. Vsa gradiva so dostopna na slede\u010dih straneh (oznaka SU pomeni spletne u\u010dilnice):<\/li>\n<li style=\"list-style-type: none\">\n<ol>\n<li><a href=\"https:\/\/podpora.sio.si\/arnes-ucilnice-uporabniski-vodic-in-videovodici\/\">https:\/\/podpora.sio.si\/arnes-ucilnice-uporabniski-vodic-in-videovodici\/<\/a><\/li>\n<li><a href=\"https:\/\/sio.si\/vodici\/moodle\/\">https:\/\/sio.si\/vodici\/moodle\/<\/a><\/li>\n<\/ol>\n<\/li>\n<\/ol>\n<p>Na podlagi vpra\u0161anj star\u0161ev ali u\u010dencev smo na \u0161oli posneli slede\u010de video vodi\u010de:<\/p>\n<ol>\n<li><a href=\"https:\/\/youtu.be\/-caR3R_hlvM\">Kako se vpisati v SU in si nastaviti v profilu e-po\u0161tni ra\u010dun<\/a>.<\/li>\n<li><a href=\"https:\/\/youtu.be\/W8EvDc--TFY\">Kako si spremeniti geslo AAI ra\u010duna<\/a>.<\/li>\n<li><a href=\"https:\/\/youtu.be\/axx2_OBUndE\">Kako obnoviti pozabljeno geslo AAI ra\u010duna<\/a>.<\/li>\n<li><a href=\"https:\/\/video.arnes.si\/portal\/asset.zul?id=VW9XeBoFPSv8aPTyOPUjLW2y&amp;jwsource=cl\">Oddaja slike kot pdf preko mobilne aplikacije Moodle mobile in programa Simple scanner<\/a>.<\/li>\n<li><a href=\"https:\/\/video.arnes.si\/portal\/asset.zul?id=r2UpQaYViEYNsgXNUBBIzswQ&amp;jwsource=cl\">Izvoz dokumenta iz Worda v PDF in to datoteko nalo\u017eiti preko ra\u010dunalnika.<\/a><\/li>\n<\/ol>\n<p>Na podlagi vpra\u0161anj u\u010diteljev smo na \u0161oli posneli slede\u010de video vodi\u010de:<\/p>\n<ol>\n<li><a href=\"https:\/\/youtu.be\/f-iSpXu1EVA\">Dodajanje poglavja v SU<\/a>.<\/li>\n<li><a href=\"https:\/\/youtu.be\/OegRmc3AMuk\">Vstavljanje Socrative kviza v SU<\/a>.<\/li>\n<li><a href=\"https:\/\/youtu.be\/AJA-28VvqDg\">Vdelava Padleta v SU<\/a>.<\/li>\n<li><a href=\"https:\/\/youtu.be\/TpkOHfbR7XY\">Objava vira in naloge v SU<\/a>.<\/li>\n<li><a href=\"https:\/\/youtu.be\/GoR8R7xeM2A\">Metode vpisa v SU<\/a>.<\/li>\n<li><a href=\"https:\/\/youtu.be\/Wt7jO-_VfmI\">Ro\u010dno dodajanje uporabnikov v SU<\/a>.<\/li>\n<li><a href=\"https:\/\/video.arnes.si\/portal\/asset.zul?id=C2OYnfeVnjVUfbJihmVF4DwB&amp;jwsource=cl\">Nastavljanje oddaje naloge v SU<\/a>.<\/li>\n<li><a href=\"https:\/\/video.arnes.si\/portal\/asset.zul?id=d1ZUHONtjMV8B5TWScQeIRDc&amp;jwsource=cl\">Uporaba foruma v SU<\/a>.<\/li>\n<li><a href=\"https:\/\/video.arnes.si\/portal\/asset.zul?id=i1UHtIxNxSSqboaDLASuWMKk&amp;jwsource=cl\">Sestavljanje kviza v SU<\/a>.<\/li>\n<li><a href=\"https:\/\/youtu.be\/yUQXO-Jp3HI\">Nastavitev podalj\u0161anega \u010dasa kviza v SU za u\u010dence s podalj\u0161anim \u010dasom<\/a>.<\/li>\n<li><a href=\"https:\/\/youtu.be\/IMPVNeK1W_g\">Vsebinska prilagoditev kviza za dolo\u010deno skupino ali u\u010denca.<\/a><\/li>\n<li><a href=\"https:\/\/youtu.be\/dlApKFYXuqs\">Odklepanje SU<\/a>.<\/li>\n<li><a href=\"https:\/\/youtu.be\/Aps1eVXZNyI\">Uvoz dejavnosti ali virov iz druge SU<\/a>.<\/li>\n<li><a href=\"https:\/\/youtu.be\/bh3qc_h72FI\">Omejitev dostopa na skupino v SU<\/a>.<\/li>\n<li><a href=\"https:\/\/youtu.be\/sKCShDk5Ls0\">Kopiranje izvorne kode v SU<\/a>.<\/li>\n<li><a href=\"https:\/\/youtu.be\/JmljB7NUJ88\">Izpis u\u010dencev iz SU in menjava vstopnega gesla<\/a>.<\/li>\n<li><a href=\"https:\/\/video.arnes.si\/portal\/asset.zul?id=tdLJOYvr5bPVFoLTQvevnObD\">Izdelava obogatenih aktivnosti H5P<\/a>.<\/li>\n<li><a href=\"https:\/\/youtu.be\/p7J_k8TMoBo\">Pretvorba tiskane naloge iz u\u010dbenika ali DZ v digitalno obliko<\/a> in <a href=\"https:\/\/youtu.be\/GTQ05XCqFZQ\">objava znotraj kviza v SU<\/a><\/li>\n<li><a href=\"https:\/\/youtu.be\/cyM5_gtXlPo\">Ustvarjanje hiperpovezave brez predoglednega okna znotraj strani<\/a><\/li>\n<li><a href=\"https:\/\/video.arnes.si\/portal\/asset.zul?id=W2ndEqjhbUUU5VDgQG12TMQh\">Kako dodati lekcijo<\/a> in ji vdelati <a href=\"https:\/\/youtu.be\/j-mE5YBrqDw\">interaktivno h5p vsebino<\/a> in le to narediti <a href=\"https:\/\/youtu.be\/pZtTgDqrFGI\">skrito udele\u017eencem<\/a>.<\/li>\n<li><a href=\"https:\/\/youtu.be\/Jdc8BP_uH90\">Spreminjanje vrstnega reda poglavji, me\u0161anje vpra\u0161anj v kvizu in dodajanje splo\u0161nega odziva na dose\u017eene % po koncu re\u0161enega kviza.<\/a><\/li>\n<li><a href=\"https:\/\/youtu.be\/AoN5eF33Fds\">Dodajanje ocenjevalne lestvice po meri<\/a><\/li>\n<li><a href=\"https:\/\/youtu.be\/2o8i7MbLBAc\">Namestitev in uporaba brskalnika Safe Exam Browser.<\/a><\/li>\n<li><a href=\"https:\/\/youtu.be\/XohC2Mrmc58\">Pregled ocen v spletni u\u010dilnici in nastavitve H5P aktivnosti za oceno.<\/a><\/li>\n<\/ol>\n<p>&nbsp;<\/p>\n<p><a href=\"https:\/\/arnes-si.zoom.us\/\">4.&nbsp; Arnes Zoom<\/a> gradivo je na volji na slede\u010di strani:<\/p>\n<ol>\n<li style=\"list-style-type: none\">\n<ol>\n<li><a href=\"https:\/\/podpora.sio.si\/videokonference-zoom-webinar-7\/\">https:\/\/podpora.sio.si\/videokonference-zoom-webinar-7\/<\/a><\/li>\n<li><a href=\"https:\/\/www.youtube.com\/watch?time_continue=1&amp;v=FvULxRIObo0&amp;feature=emb_logo\">Navodila za povezavo v Zoom sre\u010danje za star\u0161e ali u\u010dence<\/a>.<\/li>\n<li><a href=\"https:\/\/video.arnes.si\/watch\/vqv4rfzk3cl9\" target=\"_blank\" rel=\"noopener\">Izvajanje videokonference Zoom https:\/\/video.arnes.si\/watch\/vqv4rfzk3cl9<\/a><\/li>\n<\/ol>\n<\/li>\n<\/ol>\n<p>Na podlagi vpra\u0161anj u\u010diteljev so bili posneti \u0161e naslednji video vodi\u010di:<\/p>\n<ol>\n<li><a href=\"https:\/\/youtu.be\/bWW_rDLDST0\">Varnostne nastavitve v Zoomu pred sre\u010danjem<\/a>.<\/li>\n<li><a href=\"https:\/\/youtu.be\/JjCLvHUzJfo\">Varnostne nastavitve znotraj Zoom sre\u010danja<\/a>.<\/li>\n<li><a href=\"https:\/\/youtu.be\/6pwuPAOYypQ\">Generiranje poro\u010dila opravljene ankete (Polls) v Zoomu<\/a>.<\/li>\n<li><a href=\"https:\/\/youtu.be\/RGFSVRYQ824\">Posodobitev namizne aplikacije Zooma<\/a>.<\/li>\n<\/ol>\n<p>&nbsp;<\/p>\n<p>Poleg teh dveh osnovnih orodij u\u010ditelji in u\u010denci za izvajanje pouka na daljavo uporabljajo \u0161e nekatera druga podporna orodja:<\/p>\n<p><a href=\"https:\/\/o365.arnes.si\/\">5. Office 365<\/a>, ki ga uporabljamo na podlagi pogodbe med MIZ\u0160 in Microsoftom. Navodila za uporabo so na voljo na slede\u010dih straneh:<\/p>\n<ol>\n<li style=\"list-style-type: none\">\n<ol>\n<li><a href=\"https:\/\/support.microsoft.com\/sl-si\/office\">microsoft.com\/sl-si\/office<\/a><\/li>\n<\/ol>\n<\/li>\n<\/ol>\n<p>Na podlagi vpra\u0161anj u\u010diteljev<a href=\"https:\/\/ostomaz.splet.arnes.si\/files\/2026\/01\/Nalaganje-datotek-v-oblak-365-in-skupna-raba-dokumentov.pdf\">Nalaganje datotek v oblak 365 in skupna raba dokumentov<\/a><a href=\"https:\/\/youtu.be\/2ohWuoNryVc\">Oblak 365 in namestitev Office 365<\/a>.<\/p>\n<ol>\n<li style=\"list-style-type: none\">\n<ol>\n<li><a href=\"https:\/\/youtu.be\/Hb-9jFKo33U\">Odstranitev Office 365<\/a>.<\/li>\n<li><a href=\"https:\/\/youtu.be\/jtMZcafdT-8\">Izdelava urnika pouka na daljavo v Wordu<\/a>.<\/li>\n<li><a href=\"https:\/\/youtu.be\/gGdXus53dTc\">Izdelava kazala vsebine v Wordu<\/a>.<\/li>\n<li><a href=\"https:\/\/youtu.be\/xrMW8NtKEjQ\">Vpis v Onedrive in osnovna uporaba<\/a>.<\/li>\n<li><a href=\"https:\/\/youtu.be\/9fPQ6L0zxoU\">Samodejno shranjevanje razli\u010dice dokumenta<\/a>.<\/li>\n<li><a href=\"https:\/\/youtu.be\/ajTmnLLHzzA\">Skupna raba datotek v Onedrive-u<\/a>.<\/li>\n<li><a href=\"https:\/\/youtu.be\/XLaXUhrn5IY\">Analiza kahoot rezultatov v Excelu za posameznega u\u010denca<\/a>.<\/li>\n<li><a href=\"https:\/\/youtu.be\/c9IJWjPEoPQ\">Kako namestiti Office 2019<\/a>.<\/li>\n<li><a href=\"https:\/\/video.arnes.si\/watch\/fZaV4bRjRZA8\" target=\"_blank\" rel=\"noopener\">Oblak 365 in namestitev Microsoft Office 365<\/a><\/li>\n<li><a href=\"https:\/\/video.arnes.si\/watch\/fZaV4bRjRZA8\" target=\"_blank\" rel=\"noopener\">Oblak 365 in namestitev Microsoft Office 365<\/a><\/li>\n<li><a href=\"https:\/\/ostomaz.splet.arnes.si\/files\/2026\/01\/Nalaganje-datotek-v-oblak-365-in-skupna-raba-dokumentov.pdf\">Nalaganje datotek v oblak 365 in skupna raba dokumentov<\/a><\/li>\n<li><a href=\"https:\/\/ostomaz.splet.arnes.si\/files\/2026\/01\/Shranjevanje-fotografij-v-oblak-365.pdf\">Shranjevanje fotografij v oblak 365<\/a><\/li>\n<\/ol>\n<\/li>\n<\/ol>\n<p><a href=\"https:\/\/splet.arnes.si\/\">6.&nbsp; Arnes splet<\/a> uporablja \u0161ola in nekateri u\u010ditelji predvsem za osnovna obvestila star\u0161em. Osnovno gradivo za uporabo je na voljo na slede\u010dih straneh:<\/p>\n<ol>\n<li style=\"list-style-type: none\">\n<ol>\n<li><a href=\"https:\/\/ostomaz.splet.arnes.si\/files\/2025\/11\/Urejanje-spletne-strani-v-Wordpresu.pdf\">Urejanje spletne strani v Wordpresu-navodila<\/a><\/li>\n<li><a href=\"http:\/\/delavnica.splet.arnes.si\/arnes-splet\/\">http:\/\/delavnica.splet.arnes.si\/arnes-splet\/<\/a><\/li>\n<li><a href=\"https:\/\/www.arnes.si\/pomoc-uporabnikom\/arnes-splet\/\">https:\/\/www.arnes.si\/pomoc-uporabnikom\/arnes-splet\/<\/a><\/li>\n<li><a href=\"https:\/\/video.arnes.si\/watch\/grz1hcpxdq15\" target=\"_blank\" rel=\"noopener\">Povezava do videa &#8211; urejanje spletne strani<\/a><\/li>\n<\/ol>\n<\/li>\n<\/ol>\n<p>V podporo u\u010diteljem so bili pripravljeni slede\u010di video vodi\u010di:<\/p>\n<ol>\n<li style=\"list-style-type: none\">\n<ol>\n<li><a href=\"https:\/\/youtu.be\/MCIWw33aNbg\">Ustvarjanje prvega spleti\u0161\u010da<\/a>.<\/li>\n<li><a href=\"https:\/\/youtu.be\/GxldP9ln2WI\">Povrnitev Classic editorja v DIVI predlogi<\/a>.<\/li>\n<li><a href=\"https:\/\/youtu.be\/OWGCkpSfy8w\">Dodajanje predstavnostnih datotek<\/a>.<\/li>\n<li><a href=\"https:\/\/youtu.be\/N3a7CWR8_nw\">Uporaba vti\u010dnika Deligtful downloads<\/a>.<\/li>\n<li><a href=\"https:\/\/youtu.be\/rtShKXfgIdc\">Vklju\u010devanje Padleta v Arnes splet<\/a>.<\/li>\n<li><a href=\"https:\/\/youtu.be\/C_Yiil9U24w\">Dodajanje podmenija v spleti\u0161\u010de<\/a>.<\/li>\n<li><a href=\"https:\/\/www.youtube.com\/watch?v=Wq7H6ijA6A8&amp;list=PLkatppodTQlk8ZswXQ-FLsoZiK3h4RQJP&amp;index=5&amp;t=391s\">Vdelava videoposnetka v spleti\u0161\u010de<\/a>.<\/li>\n<\/ol>\n<\/li>\n<\/ol>\n<ol start=\"5\">\n<li>V namen la\u017eje komunikacije med u\u010denci in u\u010ditelji preko e-po\u0161te, so bili posneti slede\u010di vodi\u010di:\n<ol>\n<li><a href=\"https:\/\/youtu.be\/MxYvZn3ZHVQ\">Kako pisati e-po\u0161to u\u010ditelju<\/a>.<\/li>\n<li><a href=\"https:\/\/youtu.be\/n8gKQpotV7U\">Vstavljanje hiperpovezave v Gmail<\/a>.<\/li>\n<li><a href=\"https:\/\/youtu.be\/6Cy9px5fAUA\">Preusmeritev Arnesove e-po\u0161te na gmail<\/a>.<\/li>\n<\/ol>\n<\/li>\n<li>Z namenom snemanja video razlage, so u\u010diteljem na voljo slede\u010di vodi\u010di:\n<ol>\n<li><a href=\"https:\/\/video.arnes.si\/portal\/asset.zul?id=tdLJOYvr5bPVFoLTQvevnObD\">Bogatim posnetke razlage z interaktivnimi elementi, ki spodbujajo miselno aktivnost-u\u010denje<\/a> \u2013 razlaga programa Active Presenter<\/li>\n<li><a href=\"https:\/\/youtu.be\/BhBALwrT9Y4\">Uporaba aplikacije kamera znotraj Windows 10<\/a>.<\/li>\n<li><a href=\"https:\/\/youtu.be\/OGs5CnykkkY\">Kalibracija zvoka s programom Active presenter<\/a>.<\/li>\n<li><a href=\"https:\/\/video.arnes.si\/portal\/video\/asset.zul?id=w1NIkKLrbUJQDXJtMWDKbmPY\">Nalaganje videa na video.arnes.si<\/a><\/li>\n<li><a href=\"https:\/\/youtu.be\/XLO-K8PdWOE\">Nalaganje videa na Youtube<\/a>.<\/li>\n<li>Zvok lahko hitro posnamete tudi z orodjem <a href=\"https:\/\/sl.vessoft.com\/software\/windows\/download\/audacity\">Audacity<\/a> in ga <a href=\"https:\/\/video.arnes.si\/portal\/asset.zul?id=W1GFDMSksqcoahqQOdTKmtAn\">normalizirate ter o\u010distite \u0161umov.<\/a><\/li>\n<\/ol>\n<\/li>\n<li>Za po\u0161iljanje velikih datotek lahko u\u010ditelji ali u\u010denci uporabljajo <a href=\"https:\/\/youtu.be\/NRKnK8_a6-E\">Arnes Filesender<\/a>.<\/li>\n<li>Poleg kviz orodij v SU, u\u010ditelji uporabljajo tudi nekatera druga orodja, med katerimi smo posneli navodila za:\n<ol>\n<li><a href=\"https:\/\/youtu.be\/FKkdoqsh6S8\">Kahoot \u2013 ustvarjanje challenge v primeru pouka na daljavo<\/a>.<\/li>\n<li><a href=\"https:\/\/youtu.be\/41UMDF-3HWo\">Google obrazce \u2013 dodajanje skupne uporabe med u\u010ditelji<\/a>.<\/li>\n<\/ol>\n<\/li>\n<\/ol>\n","protected":false},"excerpt":{"rendered":"<p>1. Elektronska po\u0161ta Prijava v [&hellip;]<\/p>\n","protected":false},"author":735,"featured_media":0,"parent":0,"menu_order":0,"comment_status":"closed","ping_status":"closed","template":"","meta":{"ngg_post_thumbnail":0,"footnotes":""},"class_list":["post-14779","page","type-page","status-publish","hentry"],"_links":{"self":[{"href":"https:\/\/ostomaz.splet.arnes.si\/index.php?rest_route=\/wp\/v2\/pages\/14779","targetHints":{"allow":["GET"]}}],"collection":[{"href":"https:\/\/ostomaz.splet.arnes.si\/index.php?rest_route=\/wp\/v2\/pages"}],"about":[{"href":"https:\/\/ostomaz.splet.arnes.si\/index.php?rest_route=\/wp\/v2\/types\/page"}],"author":[{"embeddable":true,"href":"https:\/\/ostomaz.splet.arnes.si\/index.php?rest_route=\/wp\/v2\/users\/735"}],"replies":[{"embeddable":true,"href":"https:\/\/ostomaz.splet.arnes.si\/index.php?rest_route=%2Fwp%2Fv2%2Fcomments&post=14779"}],"version-history":[{"count":12,"href":"https:\/\/ostomaz.splet.arnes.si\/index.php?rest_route=\/wp\/v2\/pages\/14779\/revisions"}],"predecessor-version":[{"id":24492,"href":"https:\/\/ostomaz.splet.arnes.si\/index.php?rest_route=\/wp\/v2\/pages\/14779\/revisions\/24492"}],"wp:attachment":[{"href":"https:\/\/ostomaz.splet.arnes.si\/index.php?rest_route=%2Fwp%2Fv2%2Fmedia&parent=14779"}],"curies":[{"name":"wp","href":"https:\/\/api.w.org\/{rel}","templated":true}]}}