{"id":2358,"date":"2015-08-25T12:42:41","date_gmt":"2015-08-25T10:42:41","guid":{"rendered":"http:\/\/ostomaz.splet.arnes.si\/?page_id=2358"},"modified":"2025-11-14T07:40:28","modified_gmt":"2025-11-14T06:40:28","slug":"dokumenti-sole","status":"publish","type":"page","link":"https:\/\/ostomaz.splet.arnes.si\/?page_id=2358","title":{"rendered":"Dokumenti \u0161ole"},"content":{"rendered":"<p><span style=\"color: #0000ff\"><em><strong>PRENOS DOKUMENTOV<\/strong><\/em><\/span><\/p>\n<p><span style=\"color: #0000ff\"><strong>1. \u0160olske potreb\u0161\u010dine 2025\/2026<\/strong><\/span><\/p>\n<table style=\"height: 42px\" width=\"596\">\n<tbody>\n<tr>\n<td style=\"width: 410px\" scope=\"col\">\u0160olske potreb\u0161\u010dine, u\u010dbeniki&nbsp; in delovni zvezki<\/td>\n<td style=\"text-align: right;width: 236px\" scope=\"col\"><a href=\"https:\/\/www.ostomaz.si\/?page_id=14311\">&nbsp;Prenos dokumenta<\/a><\/td>\n<\/tr>\n<\/tbody>\n<\/table>\n<p><span style=\"color: #0000ff\"><strong>2. Izbirni predmeti 2025\/2026<\/strong><\/span><\/p>\n<table style=\"height: 40px\" width=\"595\">\n<tbody>\n<tr>\n<td style=\"width: 331px\" scope=\"col\">Obvezni izbirni predmeti<\/td>\n<td style=\"text-align: right;width: 323px\" scope=\"col\">Prenos dokumenta<\/td>\n<\/tr>\n<\/tbody>\n<\/table>\n<p><span style=\"color: #0000ff\"><strong>3. Subvencioniranje \u0161ole v naravi<\/strong><\/span><\/p>\n<table style=\"height: 47px\" width=\"592\">\n<tbody>\n<tr>\n<td style=\"width: 379px\" scope=\"col\">Vloga za&nbsp;subvencioniranje \u0161ole v naravi<\/td>\n<td style=\"text-align: right;width: 282px\" scope=\"col\">&nbsp;<a href=\"https:\/\/www.uradni-list.si\/1\/content?id=49572\" target=\"_blank\" rel=\"noopener noreferrer\">Prenos dokumenta<\/a><\/td>\n<\/tr>\n<\/tbody>\n<\/table>\n<p>&nbsp;<\/p>\n<p><span style=\"color: #0000ff\"><strong>4. \u0160olska dokumentacija<\/strong><\/span><\/p>\n<table style=\"height: 166px\" width=\"598\">\n<tbody>\n<tr>\n<td style=\"width: 400px\" scope=\"col\">LDN O\u0160 Sveti Toma\u017e za \u0161olsko leto 2025\/2026<\/td>\n<td style=\"text-align: right;width: 264px\" scope=\"col\"><a href=\"https:\/\/ostomaz.splet.arnes.si\/files\/2025\/11\/LDN-OS-SVETI-TOMAZ-2025_2026.pdf\" target=\"_blank\" rel=\"noopener\">Prenos dokumenta<\/a><\/td>\n<\/tr>\n<tr>\n<td style=\"width: 400px\" scope=\"col\">Realizacija LDN 2024\/2025<\/td>\n<td style=\"text-align: right;width: 264px\" scope=\"col\">Prenos dokumenta<\/td>\n<\/tr>\n<tr>\n<td style=\"width: 400px\" scope=\"col\">Hi\u0161ni red<\/td>\n<td style=\"text-align: right;width: 264px\" scope=\"col\"><a href=\"https:\/\/ostomaz.splet.arnes.si\/files\/2025\/11\/HISNI-RED.pdf\" target=\"_blank\" rel=\"noopener\">Prenos dokumenta<\/a><\/td>\n<\/tr>\n<tr>\n<td style=\"width: 400px\" scope=\"col\">Priloge<\/td>\n<td style=\"text-align: right;width: 264px\" scope=\"col\"><a href=\"https:\/\/ostomaz.splet.arnes.si\/files\/2025\/11\/PRILOGE.pdf\" target=\"_blank\" rel=\"noopener\">Prenos dokumenta<\/a><\/td>\n<\/tr>\n<tr>\n<td style=\"width: 400px\" scope=\"col\">Pravila \u0161olskega reda<\/td>\n<td style=\"text-align: right;width: 264px\" scope=\"col\"><a href=\"https:\/\/ostomaz.splet.arnes.si\/files\/2025\/11\/PRAVILA-SOLSKEGA-REDA-.pdf\" target=\"_blank\" rel=\"noopener\">Prenos dokumenta<\/a><\/td>\n<\/tr>\n<\/tbody>\n<\/table>\n<p>Samoevalvacijsko poro\u0107ilo 2024\/2025&nbsp; &nbsp; &nbsp; &nbsp; &nbsp; &nbsp; &nbsp; &nbsp; &nbsp;Prenos dokumenta<\/p>\n<p><span style=\"color: #0000ff\"><strong>5. Status \u0161portnika, kulturnika, glasbenika<\/strong><\/span><\/p>\n<table style=\"height: 85px\" width=\"604\">\n<tbody>\n<tr>\n<td style=\"width: 358px\" scope=\"col\">Pravilnik za pridobitev statusa<\/td>\n<td style=\"text-align: right;width: 297px\" scope=\"col\">&nbsp;Prenos dokumenta<\/td>\n<\/tr>\n<tr>\n<td style=\"width: 358px\" scope=\"col\">Vloga za pridobitev statusa<\/td>\n<td style=\"text-align: right;width: 297px\" scope=\"col\">&nbsp;Prenos dokumenta<\/td>\n<\/tr>\n<\/tbody>\n<\/table>\n<p>&nbsp;<\/p>\n<p>&nbsp;<\/p>\n<p><span style=\"color: #0000ff\"><strong>6. \u0160olska prehrana<\/strong><\/span><\/p>\n<table style=\"height: 164px\" width=\"604\">\n<tbody>\n<tr>\n<td style=\"width: 345px\" scope=\"col\">Pravila \u0161olske prehrane<\/td>\n<td style=\"text-align: right;width: 304px\" scope=\"col\">&nbsp;Prenos dokumenta<\/td>\n<\/tr>\n<tr>\n<td style=\"width: 345px\" scope=\"col\">Prijavnica za \u0161olsko prehrano<\/td>\n<td style=\"text-align: right;width: 304px\" scope=\"col\"><a href=\"http:\/\/ostomaz.splet.arnes.si\/files\/2015\/08\/prijava_na_prehrano_u\u010denci.pdf\">Prenos dokumenta<\/a><\/td>\n<\/tr>\n<tr>\n<td style=\"width: 345px\" scope=\"col\">Odjava \u0161olske prehrane<\/td>\n<td style=\"text-align: right;width: 304px\" scope=\"col\">&nbsp;Prenos dokumenta<\/td>\n<\/tr>\n<tr>\n<td style=\"width: 345px\" scope=\"col\">ZUPJS<\/td>\n<td style=\"text-align: right;width: 304px\" scope=\"col\">&nbsp;<a class=\"ddownload-link id-711 ext-pdf\" title=\"Prenos dokumenta\" href=\"http:\/\/www.os-lenart.si\/?ddownload=711\" rel=\"nofollow\">Prenos dokumenta<\/a><\/td>\n<\/tr>\n<\/tbody>\n<\/table>\n<p>&nbsp;<\/p>\n","protected":false},"excerpt":{"rendered":"<p>PRENOS DOKUMENTOV 1. \u0160olske potreb\u0161\u010dine [&hellip;]<\/p>\n","protected":false},"author":735,"featured_media":468,"parent":1699,"menu_order":0,"comment_status":"closed","ping_status":"open","template":"","meta":{"ngg_post_thumbnail":0,"footnotes":""},"class_list":["post-2358","page","type-page","status-publish","has-post-thumbnail","hentry"],"_links":{"self":[{"href":"https:\/\/ostomaz.splet.arnes.si\/index.php?rest_route=\/wp\/v2\/pages\/2358","targetHints":{"allow":["GET"]}}],"collection":[{"href":"https:\/\/ostomaz.splet.arnes.si\/index.php?rest_route=\/wp\/v2\/pages"}],"about":[{"href":"https:\/\/ostomaz.splet.arnes.si\/index.php?rest_route=\/wp\/v2\/types\/page"}],"author":[{"embeddable":true,"href":"https:\/\/ostomaz.splet.arnes.si\/index.php?rest_route=\/wp\/v2\/users\/735"}],"replies":[{"embeddable":true,"href":"https:\/\/ostomaz.splet.arnes.si\/index.php?rest_route=%2Fwp%2Fv2%2Fcomments&post=2358"}],"version-history":[{"count":15,"href":"https:\/\/ostomaz.splet.arnes.si\/index.php?rest_route=\/wp\/v2\/pages\/2358\/revisions"}],"predecessor-version":[{"id":23584,"href":"https:\/\/ostomaz.splet.arnes.si\/index.php?rest_route=\/wp\/v2\/pages\/2358\/revisions\/23584"}],"up":[{"embeddable":true,"href":"https:\/\/ostomaz.splet.arnes.si\/index.php?rest_route=\/wp\/v2\/pages\/1699"}],"wp:featuredmedia":[{"embeddable":true,"href":"https:\/\/ostomaz.splet.arnes.si\/index.php?rest_route=\/wp\/v2\/media\/468"}],"wp:attachment":[{"href":"https:\/\/ostomaz.splet.arnes.si\/index.php?rest_route=%2Fwp%2Fv2%2Fmedia&parent=2358"}],"curies":[{"name":"wp","href":"https:\/\/api.w.org\/{rel}","templated":true}]}}