{"id":2415,"date":"2015-08-25T21:14:27","date_gmt":"2015-08-25T19:14:27","guid":{"rendered":"http:\/\/ostomaz.splet.arnes.si\/?page_id=2415"},"modified":"2025-11-06T13:02:36","modified_gmt":"2025-11-06T12:02:36","slug":"nacionalni-preizkusi-znanja","status":"publish","type":"page","link":"https:\/\/ostomaz.splet.arnes.si\/?page_id=2415","title":{"rendered":"Nacionalni preizkusi znanja"},"content":{"rendered":"<p><span style=\"color: #0000ff\"><em><strong>Nacionalno preverjanje znanja<\/strong><\/em><\/span><\/p>\n<p>Nacionalno preverjanje znanja je namenjeno u\u010dencem 3., 6. in 9. razreda. Na Dr\u017eavnem izpitnem centru (RIC) so pripravili publikacijo z naslovom Informacije za u\u010dence in star\u0161e, ki je objavljena v elektronski obliki na spletni strani Dr\u017eavnega izpitnega centra (<a href=\"http:\/\/www.ric.si\">http:\/\/www.ric.si<\/a>) in na spletni strani \u0161ole. V tem \u0161olskem letu poteka nacionalno preverjanje tudi v 3. razredu. Do sedaj je potekalo nacionalno preverjanje na vzor\u010dnih \u0161olah. Med vzor\u010dnimi \u0161olami je bila vsako leto tudi O\u0160 Sveti Toma\u017e. V 3. razredu poteka NPZ iz dveh predmetov, sloven\u0161\u010dine in matematike. V 6.&nbsp; razredu poteka NPZ iz sloven\u0161\u010dine, matematike in angle\u0161\u010dine, v 9. razredu iz sloven\u0161\u010dine, matematike in tretjega predmeta.<\/p>\n<p>Tretji predmet v 9. razredu v \u0161olskem letu 2025\/2026: angle\u0161\u010dina.<\/p>\n<table style=\"height: 309px\" width=\"721\">\n<tbody>\n<tr>\n<td colspan=\"2\" width=\"595\">NACIONALNO PREVERJANJE ZNANJA (NPZ)<\/td>\n<\/tr>\n<tr>\n<td width=\"392\">NPZ iz sloven\u0161\u010dine za 3., &nbsp;6. in 9. razred<\/td>\n<td width=\"203\">23. 3. 2026<\/td>\n<\/tr>\n<tr>\n<td width=\"392\">NPZ iz matematike za 3., &nbsp;6. in 9. razred<\/td>\n<td width=\"203\">31. 3. 2026<\/td>\n<\/tr>\n<tr>\n<td width=\"392\">NPZ iz angle\u0161\u010dine za 6. in 9. razred<\/td>\n<td width=\"203\">25. 3. 2026<\/td>\n<\/tr>\n<\/tbody>\n<\/table>\n<p>&nbsp;<\/p>\n<table style=\"height: 1069px\" width=\"713\">\n<tbody>\n<tr>\n<td colspan=\"2\" width=\"595\">SEZNANITEV Z REZULTATI NPZ<\/td>\n<\/tr>\n<tr>\n<td width=\"392\">Seznanitev u\u010dencev 3. a z dose\u017eki<\/td>\n<td width=\"203\">&nbsp;<\/td>\n<\/tr>\n<tr>\n<td width=\"392\">Uveljavljanje pravice do vpogleda v u\u010den\u010deve ovrednotene preizkuse NPZ v &nbsp;3. a<\/td>\n<td width=\"203\">&nbsp;<\/td>\n<\/tr>\n<tr>\n<td width=\"392\">Seznanitev u\u010dencev 3.a z morebitnimi spremembami dose\u017ekov po poizvedbah<\/td>\n<td width=\"203\">&nbsp;<\/td>\n<\/tr>\n<tr>\n<td width=\"392\">Seznanitev u\u010dencev 9. a z dose\u017eki<\/td>\n<td width=\"203\">&nbsp;<\/td>\n<\/tr>\n<tr>\n<td width=\"392\">Uveljavljanje pravice do vpogleda v u\u010den\u010deve ovrednotene preizkuse NPZ v&nbsp; 9. a<\/td>\n<td width=\"203\">&nbsp;<\/td>\n<\/tr>\n<tr>\n<td width=\"392\">Seznanitev u\u010dencev 9.a z morebitnimi spremembami rezultatov po poizvedbah<\/td>\n<td width=\"203\">&nbsp;<\/td>\n<\/tr>\n<tr>\n<td width=\"392\">Razdelitev zaklju\u010dnih spri\u010deval z dose\u017ekih NPZ u\u010dencem 9.a<\/td>\n<td width=\"203\">&nbsp;<\/td>\n<\/tr>\n<tr>\n<td width=\"392\">Seznanitev u\u010dencev 6. a z dose\u017eki<\/td>\n<td width=\"203\">&nbsp;<\/td>\n<\/tr>\n<tr>\n<td width=\"392\">Uveljavljanje pravice do vpogleda v u\u010den\u010deve ovrednotene preizkuse NPZ v&nbsp; 6. a<\/td>\n<td width=\"203\">&nbsp;<\/td>\n<\/tr>\n<tr>\n<td width=\"392\">Seznanitev u\u010dencev 6.a z morebitnimi spremembami rezultatov po poizvedbah<\/td>\n<td width=\"203\">&nbsp;<\/td>\n<\/tr>\n<tr>\n<td width=\"392\">Razdelitev obvestil o dose\u017ekih NPZ u\u010dencem 6.a<\/td>\n<td width=\"203\">&nbsp;<\/td>\n<\/tr>\n<\/tbody>\n<\/table>\n<p>U\u010ditelji predmetov, ki so zajeti pri nacionalnem preverjanju, ob zaklju\u010dku \u0161olskega leta pripravijo kvalitativno analizo in jo predstavijo vsem strokovnim delavcem na pedago\u0161ki konferenci. Ta analiza je namenjena podlagi za na\u010drtovanje dela v novem \u0161olskem letu.<\/p>\n<p>U\u010ditelji, ki pripravijo analizo po predmetih:<\/p>\n<ul>\n<li>Valentina Tibaut: SLJ in MAT \u2013 3.r<\/li>\n<li>Tanja Hebar: SLJ \u2013 6. r<\/li>\n<li>Tanja Hebar: SLJ \u2013 9.r<\/li>\n<li>Tadeja Vrbnjak: &nbsp;MAT &#8211; 6. r in 9.r<\/li>\n<li>Mateja Munda: TJA \u2013 6.r in 9.r<\/li>\n<li>&nbsp;<\/li>\n<\/ul>\n","protected":false},"excerpt":{"rendered":"<p>Nacionalno preverjanje znanja Nacionalno preverjanje [&hellip;]<\/p>\n","protected":false},"author":735,"featured_media":2607,"parent":2045,"menu_order":0,"comment_status":"closed","ping_status":"open","template":"","meta":{"ngg_post_thumbnail":0,"footnotes":""},"class_list":["post-2415","page","type-page","status-publish","has-post-thumbnail","hentry"],"_links":{"self":[{"href":"https:\/\/ostomaz.splet.arnes.si\/index.php?rest_route=\/wp\/v2\/pages\/2415","targetHints":{"allow":["GET"]}}],"collection":[{"href":"https:\/\/ostomaz.splet.arnes.si\/index.php?rest_route=\/wp\/v2\/pages"}],"about":[{"href":"https:\/\/ostomaz.splet.arnes.si\/index.php?rest_route=\/wp\/v2\/types\/page"}],"author":[{"embeddable":true,"href":"https:\/\/ostomaz.splet.arnes.si\/index.php?rest_route=\/wp\/v2\/users\/735"}],"replies":[{"embeddable":true,"href":"https:\/\/ostomaz.splet.arnes.si\/index.php?rest_route=%2Fwp%2Fv2%2Fcomments&post=2415"}],"version-history":[{"count":15,"href":"https:\/\/ostomaz.splet.arnes.si\/index.php?rest_route=\/wp\/v2\/pages\/2415\/revisions"}],"predecessor-version":[{"id":23500,"href":"https:\/\/ostomaz.splet.arnes.si\/index.php?rest_route=\/wp\/v2\/pages\/2415\/revisions\/23500"}],"up":[{"embeddable":true,"href":"https:\/\/ostomaz.splet.arnes.si\/index.php?rest_route=\/wp\/v2\/pages\/2045"}],"wp:featuredmedia":[{"embeddable":true,"href":"https:\/\/ostomaz.splet.arnes.si\/index.php?rest_route=\/wp\/v2\/media\/2607"}],"wp:attachment":[{"href":"https:\/\/ostomaz.splet.arnes.si\/index.php?rest_route=%2Fwp%2Fv2%2Fmedia&parent=2415"}],"curies":[{"name":"wp","href":"https:\/\/api.w.org\/{rel}","templated":true}]}}