{"id":2438,"date":"2015-08-25T21:43:40","date_gmt":"2015-08-25T19:43:40","guid":{"rendered":"http:\/\/ostomaz.splet.arnes.si\/?page_id=2438"},"modified":"2015-09-01T17:54:53","modified_gmt":"2015-09-01T15:54:53","slug":"seznam-alergenov","status":"publish","type":"page","link":"https:\/\/ostomaz.splet.arnes.si\/?page_id=2438","title":{"rendered":"Seznam alergenov"},"content":{"rendered":"<p><span style=\"color: #0000ff\"><strong>SNOVI ALI PROIZVODI, KI SKLADNO Z DOLO\u010cILI UREDBE (EU) \u0160T. 1169\/2011 POVZRO\u010cAJO ALERGIJE ALI PREOB\u010cUTLJIVOST<\/strong><\/span><\/p>\n<p><em><strong>1.<\/strong>\u00a0 \u017dita, ki vsebujejo gluten, zlasti: p\u0161enica, r\u017e, je\u010dmen, oves, pira, kamut ali njihove kri\u017eane vrste, in proizvodi iz njih, razen:\u00a0<\/em><\/p>\n<ul>\n<li>glukoznih sirupov na osnovni p\u0161enice, vklju\u010dno z dekstrozo;<\/li>\n<li>maltodekstrinov na osnovi p\u0161enice;<\/li>\n<li>glukoznih sirupov na osnovi je\u010dmena;<\/li>\n<li>\u017eit, ki se uporabljajo za alkoholne destilate, vklju\u010dno z etilnim alkoholom kmetijskega izvora.<\/li>\n<\/ul>\n<p><em><strong>2.<\/strong>\u00a0 Raki in proizvodi iz rakov.<\/em><\/p>\n<p><em><strong>3. <\/strong>\u00a0Jajca in proizvodi iz jajc.<\/em><\/p>\n<p><em><strong>4.<\/strong>\u00a0 Ribe in proizvodi iz rib:\u00a0<\/em><\/p>\n<ul>\n<li>ribja \u017eelatina, ki se uporablja kot nosilec za vitamine ali karotenoide;<\/li>\n<li>ribje \u017eelatine ali \u017eelatine iz ribjih mehurjev, ki se uporabljajo kot sredstvo za bistrenje piva ali vina.<\/li>\n<\/ul>\n<p><em><strong>5.<\/strong>\u00a0 Ara\u0161id (kikiriki) in proizvodi iz ara\u0161idov.<\/em><\/p>\n<p><em><strong>6.<\/strong>\u00a0 Zrnje soje in proizvodi iz soje, razen:<\/em><\/p>\n<ul>\n<li>popolnoma rafiniranih sojinih olj in ma\u0161\u010dob;<\/li>\n<li>naravne zmesi tokoferola (E306), naravnega D-alfa-tokoferola, naravnega D-alfa-tokoferol acetata, naravnega d-alfa-tokoferol sukcinata iz soje;<\/li>\n<li>rastlinskih sterolov in estrov rastlinskih sterolov iz sojinega olja;<\/li>\n<li>rastlinskih estrov stanola, proizvedenih iz sterolov iz sojinega olja.<\/li>\n<\/ul>\n<p><em><strong>7.<\/strong>\u00a0 Mleko in mle\u010dni izdelki (ki vsebujejo laktozo), razen;\u00a0<\/em><\/p>\n<ul>\n<li>sirotke, ki se uporablja za alkoholne destilate, vklju\u010dno z etilnim alkoholom kmetijskega izvora;<\/li>\n<li>laktitola.<\/li>\n<\/ul>\n<p><em><strong>8.<\/strong>\u00a0 Ore\u0161ki, in sicer mandlji, le\u0161niki, orehi, indijski ore\u0161\u010dki, ameri\u0161ki orehi, brazilski ore\u0161\u010dki, pistacija, makadamija ter proizvodi iz njih. V to skupino se ne \u0161teje ore\u0161kov, ki se uporabljajo za alkoholne destilate (vklju\u010dno z etilnim alkoholom kmetijskega izvora).<\/em><\/p>\n<p><em><strong>9.<\/strong> \u00a0Listna zelena in proizvodi iz nje.<\/em><\/p>\n<p><em><strong>10.<\/strong>\u00a0 Gor\u010di\u010dno seme ali proizvodi iz njega.<\/em><\/p>\n<p><em><strong>11.<\/strong>\u00a0 Sezamovo seme ali proizvodi iz njega.<\/em><\/p>\n<p><em><strong>12.<\/strong>\u00a0 \u017dveplov dioksid ali sulfiti v koncentraciji ve\u010d kot 10 mg\/kg ali 10 mg\/l glede na skupni SO<sub>2<\/sub>.<\/em><\/p>\n<p><em><strong>13.<\/strong>\u00a0 Vol\u010dji bob in proizvodi iz njega.<\/em><\/p>\n<p><em><strong>14.\u00a0<\/strong> Mehku\u017eci in proizvodi iz njih.<\/em><\/p>\n","protected":false},"excerpt":{"rendered":"<p>SNOVI ALI PROIZVODI, KI SKLADNO [&hellip;]<\/p>\n","protected":false},"author":735,"featured_media":2479,"parent":2041,"menu_order":0,"comment_status":"closed","ping_status":"open","template":"","meta":{"ngg_post_thumbnail":0,"footnotes":""},"class_list":["post-2438","page","type-page","status-publish","has-post-thumbnail","hentry"],"_links":{"self":[{"href":"https:\/\/ostomaz.splet.arnes.si\/index.php?rest_route=\/wp\/v2\/pages\/2438","targetHints":{"allow":["GET"]}}],"collection":[{"href":"https:\/\/ostomaz.splet.arnes.si\/index.php?rest_route=\/wp\/v2\/pages"}],"about":[{"href":"https:\/\/ostomaz.splet.arnes.si\/index.php?rest_route=\/wp\/v2\/types\/page"}],"author":[{"embeddable":true,"href":"https:\/\/ostomaz.splet.arnes.si\/index.php?rest_route=\/wp\/v2\/users\/735"}],"replies":[{"embeddable":true,"href":"https:\/\/ostomaz.splet.arnes.si\/index.php?rest_route=%2Fwp%2Fv2%2Fcomments&post=2438"}],"version-history":[{"count":3,"href":"https:\/\/ostomaz.splet.arnes.si\/index.php?rest_route=\/wp\/v2\/pages\/2438\/revisions"}],"predecessor-version":[{"id":2480,"href":"https:\/\/ostomaz.splet.arnes.si\/index.php?rest_route=\/wp\/v2\/pages\/2438\/revisions\/2480"}],"up":[{"embeddable":true,"href":"https:\/\/ostomaz.splet.arnes.si\/index.php?rest_route=\/wp\/v2\/pages\/2041"}],"wp:featuredmedia":[{"embeddable":true,"href":"https:\/\/ostomaz.splet.arnes.si\/index.php?rest_route=\/wp\/v2\/media\/2479"}],"wp:attachment":[{"href":"https:\/\/ostomaz.splet.arnes.si\/index.php?rest_route=%2Fwp%2Fv2%2Fmedia&parent=2438"}],"curies":[{"name":"wp","href":"https:\/\/api.w.org\/{rel}","templated":true}]}}