{"id":24682,"date":"2026-02-04T14:21:28","date_gmt":"2026-02-04T13:21:28","guid":{"rendered":"https:\/\/ostomaz.splet.arnes.si\/?page_id=24682"},"modified":"2026-03-19T13:57:49","modified_gmt":"2026-03-19T12:57:49","slug":"solski-eko-vrt","status":"publish","type":"page","link":"https:\/\/ostomaz.splet.arnes.si\/?page_id=24682","title":{"rendered":"\u0160olski &#8220;EKO&#8221; vrt"},"content":{"rendered":"<p>Osnovna \u0161ola Sveti Toma\u017e je v \u0161olskem letu 2025\/2026 pristopila k projektu \u0160olski &#8220;eko&#8221; vrtovi.<\/p>\n<p>\u010clani tima, ki bodo skrbeli za na\u0161 zeleni vrt, poln zdravih zeli\u0161\u010d in zelenjave so:<\/p>\n<p>Sara Kramberger &#8211; vodjinja tima,<\/p>\n<p>Tanja Hebar,<\/p>\n<p>Barbara Colnari\u010d,<\/p>\n<p>Mateja Munda,<\/p>\n<p>ravnatelj, Marko Lali\u0107.<\/p>\n<p>&nbsp;<\/p>\n<p>Seveda po bodo k ustvarjanju in na\u010drtovanju povabljeni tudi na\u0161i u\u010denci, ki bodo z izkustvenim u\u010denjem pridobili mnoga znanja za \u017eivljenje.<\/p>\n<p>&nbsp;<\/p>\n<p>Komaj \u010dakamo na pomlad in son\u010dek, ko bodo na\u0161i na\u010drti po\u010dasi za\u010deli postajati resni\u010dnost!<\/p>\n<p><img loading=\"lazy\" decoding=\"async\" class=\"alignnone size-medium wp-image-24691 aligncenter\" src=\"https:\/\/ostomaz.splet.arnes.si\/files\/2026\/02\/Green-Organic-Illustrative-Eco-Friendly-Lifestyle-Poster-1-424x600.png\" alt=\"\" width=\"424\" height=\"600\" srcset=\"https:\/\/ostomaz.splet.arnes.si\/files\/2026\/02\/Green-Organic-Illustrative-Eco-Friendly-Lifestyle-Poster-1-424x600.png 424w, https:\/\/ostomaz.splet.arnes.si\/files\/2026\/02\/Green-Organic-Illustrative-Eco-Friendly-Lifestyle-Poster-1-724x1024.png 724w, https:\/\/ostomaz.splet.arnes.si\/files\/2026\/02\/Green-Organic-Illustrative-Eco-Friendly-Lifestyle-Poster-1-768x1086.png 768w, https:\/\/ostomaz.splet.arnes.si\/files\/2026\/02\/Green-Organic-Illustrative-Eco-Friendly-Lifestyle-Poster-1-1086x1536.png 1086w, https:\/\/ostomaz.splet.arnes.si\/files\/2026\/02\/Green-Organic-Illustrative-Eco-Friendly-Lifestyle-Poster-1-1448x2048.png 1448w, https:\/\/ostomaz.splet.arnes.si\/files\/2026\/02\/Green-Organic-Illustrative-Eco-Friendly-Lifestyle-Poster-1-947x1340.png 947w, https:\/\/ostomaz.splet.arnes.si\/files\/2026\/02\/Green-Organic-Illustrative-Eco-Friendly-Lifestyle-Poster-1-624x883.png 624w, https:\/\/ostomaz.splet.arnes.si\/files\/2026\/02\/Green-Organic-Illustrative-Eco-Friendly-Lifestyle-Poster-1.png 1587w\" sizes=\"auto, (max-width: 424px) 100vw, 424px\" \/><\/p>\n<p>&nbsp;<\/p>\n<h3>9. 2. 2026<\/h3>\n<h3><span style=\"color: #339966\">NATE\u010cAJ &#8211; NARI\u0160I NA\u010cRT \u0160OLSKEGA EKO VRTA &#8211; <a style=\"color: #339966\" href=\"https:\/\/ostomaz.si\/?p=24748\">VE\u010c INFOMRACIJ TUKAJ<\/a>.<\/span><\/h3>\n<p>&nbsp;<\/p>\n<h3>5. 3. 2026 &#8211; GLASOVANJE ZA VSE U\u010cENCE &#8211; NAJ EKO VRT<\/h3>\n<p>Od danes so v \u0161olski avli razstavljeni izdelki u\u010dencev, ki so sodelovali v nate\u010daju kreiranja \u0161olskega eko vrta. Skupno smo prejeli 11 zamisli, kako ustvariti lep\u0161i in bolj zelen \u0161olski prostor, vsak od njih pa izkazuje veliko mero ustvarjalnosti, odli\u010dnih zamisli in skrbi za naravo.<\/p>\n<p>Sedaj ste na vrsti vi, u\u010denci, da glasujete za vrt, ki vam je najbolj v\u0161e\u010d. Glasovanje poteka do petka, 13. marca 2026. Glasujete tako, da se podpi\u0161ete pod \u0161tevilko vrta, ki se vam zdi najbolj\u0161i. Vsak u\u010denec lahko glasuje samo enkrat.<\/p>\n<p>Vse na\u010drte bo temeljito pregledala tudi u\u010diteljska ekipa projekta \u0160olski eko vrt, nato pa bomo skupaj izbrali velikega zmagovalca in posku\u0161ali \u010dim ve\u010d njegovih idej realizirati pri projektiranju na\u0161ega zelenega koti\u010dka ob \u0161olski telovadnici.<\/p>\n<p>Vsem sodelujo\u010dim HVALA za odli\u010dno pripravljene na\u010drte, vsi ostali pa vabljeni h glasovanju.<\/p>\n<p>Sara Kramberger<\/p>\n<p><img loading=\"lazy\" decoding=\"async\" class=\"alignnone size-medium wp-image-24883\" src=\"https:\/\/ostomaz.splet.arnes.si\/files\/2026\/03\/IMG_4501-450x600.jpg\" alt=\"\" width=\"450\" height=\"600\" srcset=\"https:\/\/ostomaz.splet.arnes.si\/files\/2026\/03\/IMG_4501-450x600.jpg 450w, https:\/\/ostomaz.splet.arnes.si\/files\/2026\/03\/IMG_4501-768x1024.jpg 768w, https:\/\/ostomaz.splet.arnes.si\/files\/2026\/03\/IMG_4501-1152x1536.jpg 1152w, https:\/\/ostomaz.splet.arnes.si\/files\/2026\/03\/IMG_4501-1536x2048.jpg 1536w, https:\/\/ostomaz.splet.arnes.si\/files\/2026\/03\/IMG_4501-947x1263.jpg 947w, https:\/\/ostomaz.splet.arnes.si\/files\/2026\/03\/IMG_4501-624x832.jpg 624w, https:\/\/ostomaz.splet.arnes.si\/files\/2026\/03\/IMG_4501-scaled.jpg 1920w\" sizes=\"auto, (max-width: 450px) 100vw, 450px\" \/> <img loading=\"lazy\" decoding=\"async\" class=\"alignnone size-medium wp-image-24886\" src=\"https:\/\/ostomaz.splet.arnes.si\/files\/2026\/03\/IMG_4495-450x600.jpg\" alt=\"\" width=\"450\" height=\"600\" srcset=\"https:\/\/ostomaz.splet.arnes.si\/files\/2026\/03\/IMG_4495-450x600.jpg 450w, https:\/\/ostomaz.splet.arnes.si\/files\/2026\/03\/IMG_4495-768x1024.jpg 768w, https:\/\/ostomaz.splet.arnes.si\/files\/2026\/03\/IMG_4495-1152x1536.jpg 1152w, https:\/\/ostomaz.splet.arnes.si\/files\/2026\/03\/IMG_4495-1536x2048.jpg 1536w, https:\/\/ostomaz.splet.arnes.si\/files\/2026\/03\/IMG_4495-947x1263.jpg 947w, https:\/\/ostomaz.splet.arnes.si\/files\/2026\/03\/IMG_4495-624x832.jpg 624w, https:\/\/ostomaz.splet.arnes.si\/files\/2026\/03\/IMG_4495-scaled.jpg 1920w\" sizes=\"auto, (max-width: 450px) 100vw, 450px\" \/><\/p>\n<p><img loading=\"lazy\" decoding=\"async\" class=\"alignnone size-medium wp-image-24885\" src=\"https:\/\/ostomaz.splet.arnes.si\/files\/2026\/03\/IMG_4496-420x600.jpg\" alt=\"\" width=\"420\" height=\"600\" srcset=\"https:\/\/ostomaz.splet.arnes.si\/files\/2026\/03\/IMG_4496-420x600.jpg 420w, https:\/\/ostomaz.splet.arnes.si\/files\/2026\/03\/IMG_4496-716x1024.jpg 716w, https:\/\/ostomaz.splet.arnes.si\/files\/2026\/03\/IMG_4496-768x1098.jpg 768w, https:\/\/ostomaz.splet.arnes.si\/files\/2026\/03\/IMG_4496-1074x1536.jpg 1074w, https:\/\/ostomaz.splet.arnes.si\/files\/2026\/03\/IMG_4496-1433x2048.jpg 1433w, https:\/\/ostomaz.splet.arnes.si\/files\/2026\/03\/IMG_4496-947x1354.jpg 947w, https:\/\/ostomaz.splet.arnes.si\/files\/2026\/03\/IMG_4496-624x892.jpg 624w, https:\/\/ostomaz.splet.arnes.si\/files\/2026\/03\/IMG_4496-scaled.jpg 1791w\" sizes=\"auto, (max-width: 420px) 100vw, 420px\" \/><\/p>\n<p><img loading=\"lazy\" decoding=\"async\" class=\"alignnone size-medium wp-image-24884\" src=\"https:\/\/ostomaz.splet.arnes.si\/files\/2026\/03\/IMG_4497-440x600.jpg\" alt=\"\" width=\"440\" height=\"600\" srcset=\"https:\/\/ostomaz.splet.arnes.si\/files\/2026\/03\/IMG_4497-440x600.jpg 440w, https:\/\/ostomaz.splet.arnes.si\/files\/2026\/03\/IMG_4497-750x1024.jpg 750w, https:\/\/ostomaz.splet.arnes.si\/files\/2026\/03\/IMG_4497-768x1048.jpg 768w, https:\/\/ostomaz.splet.arnes.si\/files\/2026\/03\/IMG_4497-1126x1536.jpg 1126w, https:\/\/ostomaz.splet.arnes.si\/files\/2026\/03\/IMG_4497-1501x2048.jpg 1501w, https:\/\/ostomaz.splet.arnes.si\/files\/2026\/03\/IMG_4497-947x1292.jpg 947w, https:\/\/ostomaz.splet.arnes.si\/files\/2026\/03\/IMG_4497-624x851.jpg 624w, https:\/\/ostomaz.splet.arnes.si\/files\/2026\/03\/IMG_4497-scaled.jpg 1876w\" sizes=\"auto, (max-width: 440px) 100vw, 440px\" \/><\/p>\n<p><strong>9. 3. 2026<\/strong><\/p>\n<h3>SKUPAJ GRADIMO NA\u0160 \u0160OLSKI EKO VRT<\/h3>\n<p id=\"p-rc_7a32589740d748d3-178\" data-path-to-node=\"4\" data-cya11y-org-font-size=\"19\"><span data-path-to-node=\"4,1\" data-cya11y-org-font-size=\"19\"><span class=\"citation-315\" data-cya11y-org-font-size=\"19\">Spo\u0161tovani star\u0161i, dru\u017einski \u010dlani ter lokalni podjetniki,<\/span><\/span><\/p>\n<p data-path-to-node=\"4\" data-cya11y-org-font-size=\"19\"><span data-path-to-node=\"4,1\" data-cya11y-org-font-size=\"19\"><span class=\"citation-357\" data-cya11y-org-font-size=\"19\">na\u0161a \u0161ola se v tem \u0161olskem letu pridru\u017euje projektu\u00a0<\/span><b data-path-to-node=\"4,1\" data-index-in-node=\"52\"><span class=\"citation-357\" data-cya11y-org-font-size=\"19\">\u00bb\u0160olski EKO vrt\u00ab<\/span><\/b><\/span><span data-path-to-node=\"4,3\" data-cya11y-org-font-size=\"19\">.\u00a0<\/span><span data-path-to-node=\"4,5\" data-cya11y-org-font-size=\"19\"><span class=\"citation-356\" data-cya11y-org-font-size=\"19\">Na\u0161 namen je u\u010dencem pribli\u017eati trajnostni na\u010din \u017eivljenja, samooskrbo in odgovoren odnos do narave<\/span><\/span><span data-path-to-node=\"4,7\" data-cya11y-org-font-size=\"19\">.\u00a0<\/span><span data-path-to-node=\"4,9\" data-cya11y-org-font-size=\"19\"><span class=\"citation-355\" data-cya11y-org-font-size=\"19\">Da bi ustvarili prijeten zelen prostor za u\u010denje, potrebujemo va\u0161o pomo\u010d pri realizaciji dveh klju\u010dnih ciljev:\u00a0<\/span><b data-path-to-node=\"4,9\" data-index-in-node=\"111\"><span class=\"citation-355\" data-cya11y-org-font-size=\"19\">postavitvi u\u010dilnice na prostem<\/span><\/b><span class=\"citation-355\" data-cya11y-org-font-size=\"19\">\u00a0in\u00a0<\/span><b data-path-to-node=\"4,9\" data-index-in-node=\"145\"><span class=\"citation-355\" data-cya11y-org-font-size=\"19\">ureditvi gredic<\/span><\/b><\/span><span data-path-to-node=\"4,11\" data-cya11y-org-font-size=\"19\">.<\/span><\/p>\n<p data-path-to-node=\"5\" data-cya11y-org-font-size=\"19\">Da bi na\u0161 na\u010drt uresni\u010dili, potrebujemo va\u0161o pomo\u010d. Vabimo vas, da se nam pridru\u017eite pri ustvarjanju zelenega u\u010dnega prostora.<\/p>\n<h2 data-path-to-node=\"5\" data-cya11y-org-font-size=\"26\">Poziv lokalnim podjetnikom in obrtnikom<\/h2>\n<p data-path-to-node=\"6\" data-cya11y-org-font-size=\"19\">I\u0161\u010demo partnerje, ki bi nam pomagali pri tehni\u010dni izvedbi u\u010dilnice in gred. Veseli bomo va\u0161e podpore v obliki:<\/p>\n<ul data-path-to-node=\"7\">\n<li data-cya11y-org-font-size=\"19\">\n<p id=\"p-rc_984048e7eb0d0ecd-156\" data-path-to-node=\"7,0,1\" data-cya11y-org-font-size=\"19\"><span data-path-to-node=\"7,0,1,0\" data-cya11y-org-font-size=\"19\"><b data-path-to-node=\"7,0,1,0\" data-index-in-node=\"0\"><span class=\"citation-267\" data-cya11y-org-font-size=\"19\">Donacije materiala:<\/span><\/b><span class=\"citation-267\" data-cya11y-org-font-size=\"19\">\u00a0Predvsem lesa za konstrukcijo u\u010dilnice in visoke grede, zemlje, peska za potke ali vrtnega orodja<\/span><\/span><span data-path-to-node=\"7,0,1,2\" data-cya11y-org-font-size=\"19\">.<\/span><\/p>\n<\/li>\n<li data-cya11y-org-font-size=\"19\">\n<p data-path-to-node=\"7,1,0\" data-cya11y-org-font-size=\"19\"><b data-path-to-node=\"7,1,0\" data-index-in-node=\"0\">Sponzorstva ali popustov:<\/b>\u00a0Vsakr\u0161en finan\u010dni prispevek ali ugodnej\u0161a ponudba pri nakupu materiala nam bo pomagala, da projekt izpeljemo hitreje in varneje.<\/p>\n<\/li>\n<li data-cya11y-org-font-size=\"19\">\n<p id=\"p-rc_984048e7eb0d0ecd-157\" data-path-to-node=\"7,2,1\" data-cya11y-org-font-size=\"19\"><span data-path-to-node=\"7,2,1,0\" data-cya11y-org-font-size=\"19\"><b data-path-to-node=\"7,2,1,0\" data-index-in-node=\"0\"><span class=\"citation-266\" data-cya11y-org-font-size=\"19\">Izvedbe del:<\/span><\/b><span class=\"citation-266\" data-cya11y-org-font-size=\"19\">\u00a0\u010ce ste mizar, gradbenik ali vrtnar in bi nam lahko pomagali pri sami postavitvi, bomo va\u0161ega znanja izjemno veseli<\/span><\/span><span data-path-to-node=\"7,2,1,2\" data-cya11y-org-font-size=\"19\">.<\/span><\/p>\n<\/li>\n<li data-cya11y-org-font-size=\"19\">\n<p data-path-to-node=\"7,3,0\" data-cya11y-org-font-size=\"19\"><b data-path-to-node=\"7,3,0\" data-index-in-node=\"0\">Promocija:<\/b>\u00a0Vsem podjetjem, ki bodo podprla na\u0161 projekt, se bomo z veseljem zahvalili z objavo na \u0161olski spletni strani in na tabli zahvale v samem ekovrtu.<\/p>\n<\/li>\n<\/ul>\n<h2 data-path-to-node=\"5\" data-cya11y-org-font-size=\"26\">Kako se lahko vklju\u010dite dru\u017einski \u010dlani ter vsi ostali zainteresirani?<\/h2>\n<p data-path-to-node=\"9\" data-cya11y-org-font-size=\"19\"><span data-path-to-node=\"9,1\" data-cya11y-org-font-size=\"19\"><span class=\"citation-265\" data-cya11y-org-font-size=\"19\">Veseli bomo vsake oblike pomo\u010di<\/span><\/span><span data-path-to-node=\"9,3\" data-cya11y-org-font-size=\"19\">:<\/span><\/p>\n<ul>\n<li data-path-to-node=\"9\" data-cya11y-org-font-size=\"19\"><span data-path-to-node=\"10,0,1,0\" data-cya11y-org-font-size=\"19\"><b data-path-to-node=\"10,0,1,0\" data-index-in-node=\"0\"><span class=\"citation-264\" data-cya11y-org-font-size=\"19\">Donacije:\u00a0<\/span><\/b><span class=\"citation-264\" data-cya11y-org-font-size=\"19\">L<\/span><span class=\"citation-264\" data-cya11y-org-font-size=\"19\">es za izdelavo gredic, zemljo oz. kompost za grede, sekance za ureditev potk.<\/span><\/span><\/li>\n<li data-cya11y-org-font-size=\"19\">\n<p data-path-to-node=\"10,0,1\" data-cya11y-org-font-size=\"19\"><span data-path-to-node=\"10,0,1,0\" data-cya11y-org-font-size=\"19\"><b data-path-to-node=\"10,0,1,0\" data-index-in-node=\"0\"><span class=\"citation-264\" data-cya11y-org-font-size=\"19\">Strokovna pomo\u010d:<\/span><\/b><span class=\"citation-264\" data-cya11y-org-font-size=\"19\">\u00a0Nasveti o vrtnarjenju, zeli\u0161\u010dih in kompostiranju<\/span><\/span><span data-path-to-node=\"10,0,1,2\" data-cya11y-org-font-size=\"19\">.<\/span><\/p>\n<\/li>\n<li data-cya11y-org-font-size=\"19\">\n<p data-path-to-node=\"10,1,1\" data-cya11y-org-font-size=\"19\"><span data-path-to-node=\"10,1,1,0\" data-cya11y-org-font-size=\"19\"><b data-path-to-node=\"10,1,1,0\" data-index-in-node=\"0\"><span class=\"citation-263\" data-cya11y-org-font-size=\"19\">Pomo\u010d pri delovnih akcijah:<\/span><\/b><span class=\"citation-263\" data-cya11y-org-font-size=\"19\">\u00a0Sodelovanje pri postavitvi gred, sajenju in urejanju poti<\/span><\/span><span data-path-to-node=\"10,1,1,2\" data-cya11y-org-font-size=\"19\">.<\/span><\/p>\n<\/li>\n<li data-cya11y-org-font-size=\"19\">\n<p data-path-to-node=\"10,2,1\" data-cya11y-org-font-size=\"19\"><span data-path-to-node=\"10,2,1,0\" data-cya11y-org-font-size=\"19\"><b data-path-to-node=\"10,2,1,0\" data-index-in-node=\"0\"><span class=\"citation-262\" data-cya11y-org-font-size=\"19\">Vzdr\u017eevanje:<\/span><\/b><span class=\"citation-262\" data-cya11y-org-font-size=\"19\">\u00a0Skrb za zalivanje vrta med letom ali po\u010ditnicami<\/span><\/span><span data-path-to-node=\"10,2,1,2\" data-cya11y-org-font-size=\"19\">.<\/span><\/p>\n<\/li>\n<li id=\"p-rc_984048e7eb0d0ecd-162\" data-path-to-node=\"10,3,1\" data-cya11y-org-font-size=\"19\"><span data-path-to-node=\"10,3,1,0\" data-cya11y-org-font-size=\"19\"><b data-path-to-node=\"10,3,1,0\" data-index-in-node=\"0\"><span class=\"citation-261\" data-cya11y-org-font-size=\"19\">Izobra\u017eevanje:<\/span><\/b><span class=\"citation-261\" data-cya11y-org-font-size=\"19\">\u00a0Vodenje kratkih delavnic ali predstavitev poklica, povezanega z naravo<\/span><\/span><span data-path-to-node=\"10,3,1,2\" data-cya11y-org-font-size=\"19\">.<\/span><\/li>\n<\/ul>\n<p id=\"p-rc_7a32589740d748d3-196\" data-path-to-node=\"8\" data-cya11y-org-font-size=\"19\"><span data-path-to-node=\"8,1\" data-cya11y-org-font-size=\"19\"><span class=\"citation-306\" data-cya11y-org-font-size=\"19\">Veseli bomo vsake oblike sodelovanja ali ideje, s katero lahko skupaj otrokom omogo\u010dimo u\u010denje v naravi<\/span><\/span><span data-path-to-node=\"8,3\" data-cya11y-org-font-size=\"19\">.\u00a0<\/span><span data-path-to-node=\"8,5\" data-cya11y-org-font-size=\"19\"><span class=\"citation-305\" data-cya11y-org-font-size=\"19\">\u010ce nam lahko pomagate, nam to prosim sporo\u010dite na e-naslov &#x73;&#x61;&#x72;&#x61;&#x2e;&#x6b;&#114;&#97;&#109;&#98;erge&#x72;&#x40;&#x67;&#x6d;&#x61;&#x69;&#108;&#46;&#99;&#111;&#109; ali nas pokli\u010dite.<\/span><\/span><\/p>\n<p id=\"p-rc_7a32589740d748d3-197\" data-path-to-node=\"9\" data-cya11y-org-font-size=\"19\"><span data-path-to-node=\"9,1\" data-cya11y-org-font-size=\"19\"><span class=\"citation-304\" data-cya11y-org-font-size=\"19\">Za va\u0161o podporo in pripravljenost pomagati se vam \u017ee vnaprej najlep\u0161e zahvaljujemo<\/span><\/span><span data-path-to-node=\"9,3\" data-cya11y-org-font-size=\"19\">.<\/span><\/p>\n<p id=\"p-rc_7a32589740d748d3-198\" data-path-to-node=\"12\" data-cya11y-org-font-size=\"19\"><span data-path-to-node=\"12,0\" data-cya11y-org-font-size=\"19\"><span class=\"citation-303\" data-cya11y-org-font-size=\"19\">Sara Kramberger,<\/span><span class=\"citation-303\" data-cya11y-org-font-size=\"19\">\u00a0koordinatorka projekta \u0160olski EKO<\/span><\/span><\/p>\n<p data-path-to-node=\"12\" data-cya11y-org-font-size=\"19\">\n<h2 data-path-to-node=\"12\" data-cya11y-org-font-size=\"19\">Znana sta zmagovalca nate\u010daja za \u0161olski eko vrt<\/h2>\n<p class=\"isSelectedEnd\">Zaklju\u010dil se je nate\u010daj, v katerem so u\u010denci na\u010drtovali \u0161olski eko vrt. Skupaj je sodelovalo 14 u\u010dencev, ki so izdelali 11 na\u010drtov. Po dvotedenskem glasovanju je najve\u010d glasov prejel na\u010drt, ki sta ga pripravila Alja\u017e in Jakob iz 5. razreda.<\/p>\n<p class=\"isSelectedEnd\">Zmagovalcema ter vsem ostalim sodelujo\u010dim se zahvaljujemo za sodelovanje in jim \u010destitamo za odli\u010dno opravljeno delo \u2013 postavili ste temelje za na\u0161o eko zgodbo. Potrudili se bomo, da bomo \u010dim ve\u010d va\u0161ih idej vklju\u010dili v na\u010drtovanje na\u0161ega zelenega \u0161olskega prostora ter ustvarili prijeten koti\u010dek, kjer se bomo vsi dobro po\u010dutili.<\/p>\n<p><strong>\u00bbIz drobnih semen zrastejo mogo\u010dna drevesa.\u00ab <\/strong><\/p>\n<p><strong>(neznan avtor)<\/strong><\/p>\n<p>&nbsp;<\/p>\n<p><img loading=\"lazy\" decoding=\"async\" class=\"size-medium wp-image-25014 aligncenter\" src=\"https:\/\/ostomaz.splet.arnes.si\/files\/2026\/03\/IMG_4651-1-400x600.jpg\" alt=\"\" width=\"400\" height=\"600\" srcset=\"https:\/\/ostomaz.splet.arnes.si\/files\/2026\/03\/IMG_4651-1-400x600.jpg 400w, https:\/\/ostomaz.splet.arnes.si\/files\/2026\/03\/IMG_4651-1-683x1024.jpg 683w, https:\/\/ostomaz.splet.arnes.si\/files\/2026\/03\/IMG_4651-1-768x1152.jpg 768w, https:\/\/ostomaz.splet.arnes.si\/files\/2026\/03\/IMG_4651-1-1024x1536.jpg 1024w, https:\/\/ostomaz.splet.arnes.si\/files\/2026\/03\/IMG_4651-1-1365x2048.jpg 1365w, https:\/\/ostomaz.splet.arnes.si\/files\/2026\/03\/IMG_4651-1-947x1421.jpg 947w, https:\/\/ostomaz.splet.arnes.si\/files\/2026\/03\/IMG_4651-1-624x936.jpg 624w, https:\/\/ostomaz.splet.arnes.si\/files\/2026\/03\/IMG_4651-1-scaled.jpg 1707w\" sizes=\"auto, (max-width: 400px) 100vw, 400px\" \/><\/p>\n","protected":false},"excerpt":{"rendered":"<p>Osnovna \u0161ola Sveti Toma\u017e je [&hellip;]<\/p>\n","protected":false},"author":5660,"featured_media":24694,"parent":0,"menu_order":0,"comment_status":"closed","ping_status":"closed","template":"","meta":{"ngg_post_thumbnail":0,"footnotes":""},"class_list":["post-24682","page","type-page","status-publish","has-post-thumbnail","hentry"],"_links":{"self":[{"href":"https:\/\/ostomaz.splet.arnes.si\/index.php?rest_route=\/wp\/v2\/pages\/24682","targetHints":{"allow":["GET"]}}],"collection":[{"href":"https:\/\/ostomaz.splet.arnes.si\/index.php?rest_route=\/wp\/v2\/pages"}],"about":[{"href":"https:\/\/ostomaz.splet.arnes.si\/index.php?rest_route=\/wp\/v2\/types\/page"}],"author":[{"embeddable":true,"href":"https:\/\/ostomaz.splet.arnes.si\/index.php?rest_route=\/wp\/v2\/users\/5660"}],"replies":[{"embeddable":true,"href":"https:\/\/ostomaz.splet.arnes.si\/index.php?rest_route=%2Fwp%2Fv2%2Fcomments&post=24682"}],"version-history":[{"count":14,"href":"https:\/\/ostomaz.splet.arnes.si\/index.php?rest_route=\/wp\/v2\/pages\/24682\/revisions"}],"predecessor-version":[{"id":25018,"href":"https:\/\/ostomaz.splet.arnes.si\/index.php?rest_route=\/wp\/v2\/pages\/24682\/revisions\/25018"}],"wp:featuredmedia":[{"embeddable":true,"href":"https:\/\/ostomaz.splet.arnes.si\/index.php?rest_route=\/wp\/v2\/media\/24694"}],"wp:attachment":[{"href":"https:\/\/ostomaz.splet.arnes.si\/index.php?rest_route=%2Fwp%2Fv2%2Fmedia&parent=24682"}],"curies":[{"name":"wp","href":"https:\/\/api.w.org\/{rel}","templated":true}]}}