{"id":2863,"date":"2015-10-01T21:46:42","date_gmt":"2015-10-01T19:46:42","guid":{"rendered":"http:\/\/ostomaz.splet.arnes.si\/?page_id=2863"},"modified":"2015-10-01T21:48:21","modified_gmt":"2015-10-01T19:48:21","slug":"dnevi-dejavnosti-in-ekskurzije","status":"publish","type":"page","link":"https:\/\/ostomaz.splet.arnes.si\/?page_id=2863","title":{"rendered":"Dnevi dejavnosti in ekskurzije"},"content":{"rendered":"<p>&nbsp;<\/p>\n<p><strong>\u00a0<\/strong><\/p>\n<p style=\"text-align: justify\">\u00a0<em>Dneve dejavnosti sestavljajo kulturni, naravoslovni, \u0161portni in tehni\u0161ki dnevi. Med druge oblike dela pa spadajo tudi ekskurzije. Vse te dejavnosti povezujejo discipline in predmetna podro\u010dja vklju\u010dena v predmetnik osnovne \u0161ole in omogo\u010dajo utrjevanje in povezovanje znanj pridobljenih pri razli\u010dnih predmetih in predmetnih podro\u010djih, uporabo teh znanj in prakti\u010dno u\u010denje. Delo je tu bolj \u017eivahno, zato vzpodbuja otrokovo vedo\u017eeljnost, ustvarjalnost in njegove lastne pobude. Tako ga \u0161ola usposablja za samostojno opazovanje ter pridobivanje izku\u0161enj in znanj, za razvijanje spretnosti ter za samostojno re\u0161evanje problemov.<\/em><\/p>\n<p style=\"text-align: justify\">\n<p><strong>\u00a0<\/strong><\/p>\n<p><strong>\u00a0<\/strong><\/p>\n<p><strong>\u00a0<\/strong><\/p>\n<p><strong>\u00a0<\/strong><\/p>\n<p><strong>\u00a0<\/strong><\/p>\n<p><strong>\u00a0<\/strong><\/p>\n<p><strong>\u00a0<\/strong><\/p>\n<p><strong>\u00a0<\/strong><\/p>\n<p><strong>\u00a0<\/strong><\/p>\n<p>&nbsp;<\/p>\n","protected":false},"excerpt":{"rendered":"<p>&nbsp; \u00a0 \u00a0Dneve dejavnosti sestavljajo [&hellip;]<\/p>\n","protected":false},"author":735,"featured_media":0,"parent":2045,"menu_order":0,"comment_status":"closed","ping_status":"open","template":"","meta":{"ngg_post_thumbnail":0,"footnotes":""},"class_list":["post-2863","page","type-page","status-publish","hentry"],"_links":{"self":[{"href":"https:\/\/ostomaz.splet.arnes.si\/index.php?rest_route=\/wp\/v2\/pages\/2863","targetHints":{"allow":["GET"]}}],"collection":[{"href":"https:\/\/ostomaz.splet.arnes.si\/index.php?rest_route=\/wp\/v2\/pages"}],"about":[{"href":"https:\/\/ostomaz.splet.arnes.si\/index.php?rest_route=\/wp\/v2\/types\/page"}],"author":[{"embeddable":true,"href":"https:\/\/ostomaz.splet.arnes.si\/index.php?rest_route=\/wp\/v2\/users\/735"}],"replies":[{"embeddable":true,"href":"https:\/\/ostomaz.splet.arnes.si\/index.php?rest_route=%2Fwp%2Fv2%2Fcomments&post=2863"}],"version-history":[{"count":3,"href":"https:\/\/ostomaz.splet.arnes.si\/index.php?rest_route=\/wp\/v2\/pages\/2863\/revisions"}],"predecessor-version":[{"id":2866,"href":"https:\/\/ostomaz.splet.arnes.si\/index.php?rest_route=\/wp\/v2\/pages\/2863\/revisions\/2866"}],"up":[{"embeddable":true,"href":"https:\/\/ostomaz.splet.arnes.si\/index.php?rest_route=\/wp\/v2\/pages\/2045"}],"wp:attachment":[{"href":"https:\/\/ostomaz.splet.arnes.si\/index.php?rest_route=%2Fwp%2Fv2%2Fmedia&parent=2863"}],"curies":[{"name":"wp","href":"https:\/\/api.w.org\/{rel}","templated":true}]}}