{"id":2932,"date":"2015-10-07T18:38:24","date_gmt":"2015-10-07T16:38:24","guid":{"rendered":"http:\/\/ostomaz.splet.arnes.si\/?page_id=2932"},"modified":"2015-10-07T18:43:22","modified_gmt":"2015-10-07T16:43:22","slug":"projekt-gocargo","status":"publish","type":"page","link":"https:\/\/ostomaz.splet.arnes.si\/?page_id=2932","title":{"rendered":"Projekt GoCarGo"},"content":{"rendered":"<p style=\"text-align: justify\">V \u0160C Ptuj je v \u010detrtek, 21.5.2009, potekal predstavitveni sestanek o projektu POKLICNA ORIENTACIJA \u2013 EKSTRAMOBIL, ki deluje pod sloganom GO-CAR-GO\u00a0 Bo, kar bo!, ki ga ptujski center pripravlja skupaj z Ministrstvom za \u0161olstvo in \u0161port. Namen projekta je skozi izdelovanje posebnega avtomobil\u010dka promovirati poklice, ki jih izobra\u017eujejo srednje \u0161ole \u0160C Ptuj. Sestanek je bil namenjen predstavnikom osnovnih \u0161ol \u0161ir\u0161e podravske regije; da je na osnovnih \u0161olah interes za tovrstne dejavnosti res velik, pri\u010da tudi podatek, da so se \u010detrtkovega sestanka udele\u017eili predstavniki kar 24 osnovnih \u0161ol. Gre za projekt (izvajal se bo v \u0161olskem letu 2009\/2010), v okviru katerega bi osnovno\u0161olci spoznali poklice, ki jih izobra\u017eujejo srednje \u0161ole \u0160C Ptuj. U\u010denci (prete\u017eno) 8. razredov bodo (od jeseni 2009 do aprila 2010) inovativno nadgrajevali izdelano podvozje, ki ga bo za vse prijavljene ekipe izdelal \u0160C Ptuj. Ob izdelavi ekstramobila naj bi u\u010denci razmi\u0161ljali o \u00a0ekonomsko \u2013 marketin\u0161kem vidiku samega vozila, \u00a0bio \u2013 tehni\u010dnem (varstvo okolja, razgradnja materiala), elektro \u2013 mehatronskem\u00a0 ter strojno \u2013 tehni\u010dnem vidiku. Z izdelanimi ekstramobili se bodo v prihodnjem \u0161olskem letu na skupnem sre\u010danju (maj 2010) predstavile vse sodelujo\u010de ekipe, ker pa se je mogo\u010de s temi avtomobili tudi voziti, bo za u\u010dence organizirano tekmovanje v treh disciplinah (vo\u017enja med sto\u017eci, paralelna vo\u017enja, merjenje zavorne poti). Strokovna \u017eirija bo izbrala \u0161e najbolj\u0161e (po strokovni plati) in najbolj v\u0161e\u010dne ektramobile. Projekt, ki smo ga letos poimenovali inter GO-CAR-GO in je v slovenskem izobra\u017eevalnem prostoru zares nekaj posebnega, je podprl tudi Zavod Republike Slovenije za \u0161olstvo. \u00a0Entuziazem osnovno\u0161olcev ob izdelovanju ekstramobilov, veliko sodelujo\u010dih ekip, gokardi, eden lep\u0161i od drugega \u2013 vse to je zagotovilo, da bo 23. maja 2013 na \u017ee 4. sre\u010danju GO-CAR-GO Bo, kar bo! zares zanimivo.<\/p>\n","protected":false},"excerpt":{"rendered":"<p>V \u0160C Ptuj je v [&hellip;]<\/p>\n","protected":false},"author":735,"featured_media":2900,"parent":2051,"menu_order":0,"comment_status":"closed","ping_status":"open","template":"","meta":{"ngg_post_thumbnail":0,"footnotes":""},"class_list":["post-2932","page","type-page","status-publish","has-post-thumbnail","hentry"],"_links":{"self":[{"href":"https:\/\/ostomaz.splet.arnes.si\/index.php?rest_route=\/wp\/v2\/pages\/2932","targetHints":{"allow":["GET"]}}],"collection":[{"href":"https:\/\/ostomaz.splet.arnes.si\/index.php?rest_route=\/wp\/v2\/pages"}],"about":[{"href":"https:\/\/ostomaz.splet.arnes.si\/index.php?rest_route=\/wp\/v2\/types\/page"}],"author":[{"embeddable":true,"href":"https:\/\/ostomaz.splet.arnes.si\/index.php?rest_route=\/wp\/v2\/users\/735"}],"replies":[{"embeddable":true,"href":"https:\/\/ostomaz.splet.arnes.si\/index.php?rest_route=%2Fwp%2Fv2%2Fcomments&post=2932"}],"version-history":[{"count":3,"href":"https:\/\/ostomaz.splet.arnes.si\/index.php?rest_route=\/wp\/v2\/pages\/2932\/revisions"}],"predecessor-version":[{"id":2936,"href":"https:\/\/ostomaz.splet.arnes.si\/index.php?rest_route=\/wp\/v2\/pages\/2932\/revisions\/2936"}],"up":[{"embeddable":true,"href":"https:\/\/ostomaz.splet.arnes.si\/index.php?rest_route=\/wp\/v2\/pages\/2051"}],"wp:featuredmedia":[{"embeddable":true,"href":"https:\/\/ostomaz.splet.arnes.si\/index.php?rest_route=\/wp\/v2\/media\/2900"}],"wp:attachment":[{"href":"https:\/\/ostomaz.splet.arnes.si\/index.php?rest_route=%2Fwp%2Fv2%2Fmedia&parent=2932"}],"curies":[{"name":"wp","href":"https:\/\/api.w.org\/{rel}","templated":true}]}}