{"id":3172,"date":"2015-11-04T13:03:10","date_gmt":"2015-11-04T12:03:10","guid":{"rendered":"http:\/\/ostomaz.splet.arnes.si\/?page_id=3172"},"modified":"2015-11-16T09:42:20","modified_gmt":"2015-11-16T08:42:20","slug":"knjiznicni-red","status":"publish","type":"page","link":"https:\/\/ostomaz.splet.arnes.si\/?page_id=3172","title":{"rendered":"Knji\u017eni\u010dni red"},"content":{"rendered":"<p><span style=\"color: #0000ff\"><strong>1. \u010cLANSTVO, \u010cLANSKA IZKAZNICA<\/strong><\/span><\/p>\n<p>Vsak u\u010denec ob vpisu prejme \u010dlansko izkaznico. Tako postane \u010dlan \u0161olske knji\u017enice. \u010clanarine ni.<\/p>\n<p><span style=\"color: #0000ff\"><strong>2. IZPOSOJA<\/strong><\/span><\/p>\n<ul>\n<li>Naenkrat si lahko u\u010denec izposodi tri enote. \u010cas vra\u010dila je 14 dni.<\/li>\n<li>Referen\u010dnega gradiva ne izposojamo domov.<\/li>\n<li>U\u010denci devetega razreda morajo vrniti knji\u017eno gradivo do 1. junija.<\/li>\n<\/ul>\n<p><span style=\"color: #0000ff\"><strong>3. ODNOS DO KNJI\u017dNEGA GRADIVA<\/strong><\/span><\/p>\n<p>Ko si izposodi\u0161 knjigo, se zavedaj, da jo bo uporabljal \u0161e kdo za teboj, zato z njo primerno ravnaj.<\/p>\n<p><span style=\"color: #0000ff\"><strong>4. DELOVNI \u010cAS KNJI\u017dNICE<\/strong><\/span><\/p>\n<p>Delovni \u010das je pritrjen na vratih knji\u017enice.<\/p>\n<p><span style=\"color: #0000ff\"><strong>5. POSEBNA PRAVILA<\/strong><\/span><\/p>\n<ul>\n<li>V knji\u017enico ne vstopamo s hrano in pija\u010do.<\/li>\n<li>Torbe ob vstopu v knji\u017enico odlo\u017eimo na desni strani pod tablo.<\/li>\n<li>V koti\u010dek z blazinami vstopamo bosi.<\/li>\n<li>Knjig ne nosimo v koti\u010dek z blazinami.<\/li>\n<\/ul>\n<p><span style=\"color: #0000ff\"><strong>6. UPORABA RA\u010cUNALNIKA<\/strong><\/span><\/p>\n<p>U\u010denci lahko uporabljajo ra\u010dunalnik pod nadzorom knji\u017eni\u010darke izklju\u010dno v \u0161olske namene.<\/p>\n<p>\u00bbPri uporabi ra\u010dunalnika je potrebno upo\u0161tevati dogovor, v nasprotnem se uporaba posamezniku prepove.\u00ab<\/p>\n","protected":false},"excerpt":{"rendered":"<p>1. \u010cLANSTVO, \u010cLANSKA IZKAZNICA Vsak [&hellip;]<\/p>\n","protected":false},"author":7391,"featured_media":3193,"parent":2355,"menu_order":0,"comment_status":"closed","ping_status":"open","template":"","meta":{"ngg_post_thumbnail":0,"footnotes":""},"class_list":["post-3172","page","type-page","status-publish","has-post-thumbnail","hentry"],"_links":{"self":[{"href":"https:\/\/ostomaz.splet.arnes.si\/index.php?rest_route=\/wp\/v2\/pages\/3172","targetHints":{"allow":["GET"]}}],"collection":[{"href":"https:\/\/ostomaz.splet.arnes.si\/index.php?rest_route=\/wp\/v2\/pages"}],"about":[{"href":"https:\/\/ostomaz.splet.arnes.si\/index.php?rest_route=\/wp\/v2\/types\/page"}],"author":[{"embeddable":true,"href":"https:\/\/ostomaz.splet.arnes.si\/index.php?rest_route=\/wp\/v2\/users\/7391"}],"replies":[{"embeddable":true,"href":"https:\/\/ostomaz.splet.arnes.si\/index.php?rest_route=%2Fwp%2Fv2%2Fcomments&post=3172"}],"version-history":[{"count":5,"href":"https:\/\/ostomaz.splet.arnes.si\/index.php?rest_route=\/wp\/v2\/pages\/3172\/revisions"}],"predecessor-version":[{"id":3196,"href":"https:\/\/ostomaz.splet.arnes.si\/index.php?rest_route=\/wp\/v2\/pages\/3172\/revisions\/3196"}],"up":[{"embeddable":true,"href":"https:\/\/ostomaz.splet.arnes.si\/index.php?rest_route=\/wp\/v2\/pages\/2355"}],"wp:featuredmedia":[{"embeddable":true,"href":"https:\/\/ostomaz.splet.arnes.si\/index.php?rest_route=\/wp\/v2\/media\/3193"}],"wp:attachment":[{"href":"https:\/\/ostomaz.splet.arnes.si\/index.php?rest_route=%2Fwp%2Fv2%2Fmedia&parent=3172"}],"curies":[{"name":"wp","href":"https:\/\/api.w.org\/{rel}","templated":true}]}}