{"id":5971,"date":"2017-11-08T09:00:40","date_gmt":"2017-11-08T08:00:40","guid":{"rendered":"http:\/\/ostomaz.splet.arnes.si\/?page_id=5971"},"modified":"2025-11-20T17:42:40","modified_gmt":"2025-11-20T16:42:40","slug":"planinski-krozek","status":"publish","type":"page","link":"https:\/\/ostomaz.splet.arnes.si\/?page_id=5971","title":{"rendered":"Planinski kro\u017eek"},"content":{"rendered":"<p>Planinski kro\u017eek obiskujejo u\u010denci od 1. do 9. razreda. Skupaj s Planinskim dru\u0161tvom Maks Me\u0161ko Ormo\u017e bomo opravili 4 planinske izlete, od katerih je en jesenski, en zimski, en izlet z vlakom, en spomladanski izlet. Sodelujejo z\u00a0 \u00a0O\u0160 Ormo\u017e in O\u0160 Ivanjkovci. Planinski kro\u017eek vodi u\u010diteljica Silva Raku\u0161a.<\/p>\n<p>Sre\u010danja bodo po dogovoru.<\/p>\n","protected":false},"excerpt":{"rendered":"<p>Planinski kro\u017eek obiskujejo u\u010denci od [&hellip;]<\/p>\n","protected":false},"author":5660,"featured_media":0,"parent":2413,"menu_order":0,"comment_status":"closed","ping_status":"closed","template":"","meta":{"ngg_post_thumbnail":0,"footnotes":""},"class_list":["post-5971","page","type-page","status-publish","hentry"],"_links":{"self":[{"href":"https:\/\/ostomaz.splet.arnes.si\/index.php?rest_route=\/wp\/v2\/pages\/5971","targetHints":{"allow":["GET"]}}],"collection":[{"href":"https:\/\/ostomaz.splet.arnes.si\/index.php?rest_route=\/wp\/v2\/pages"}],"about":[{"href":"https:\/\/ostomaz.splet.arnes.si\/index.php?rest_route=\/wp\/v2\/types\/page"}],"author":[{"embeddable":true,"href":"https:\/\/ostomaz.splet.arnes.si\/index.php?rest_route=\/wp\/v2\/users\/5660"}],"replies":[{"embeddable":true,"href":"https:\/\/ostomaz.splet.arnes.si\/index.php?rest_route=%2Fwp%2Fv2%2Fcomments&post=5971"}],"version-history":[{"count":4,"href":"https:\/\/ostomaz.splet.arnes.si\/index.php?rest_route=\/wp\/v2\/pages\/5971\/revisions"}],"predecessor-version":[{"id":23911,"href":"https:\/\/ostomaz.splet.arnes.si\/index.php?rest_route=\/wp\/v2\/pages\/5971\/revisions\/23911"}],"up":[{"embeddable":true,"href":"https:\/\/ostomaz.splet.arnes.si\/index.php?rest_route=\/wp\/v2\/pages\/2413"}],"wp:attachment":[{"href":"https:\/\/ostomaz.splet.arnes.si\/index.php?rest_route=%2Fwp%2Fv2%2Fmedia&parent=5971"}],"curies":[{"name":"wp","href":"https:\/\/api.w.org\/{rel}","templated":true}]}}